{"id":11,"date":"2016-03-19T20:46:53","date_gmt":"2016-03-19T19:46:53","guid":{"rendered":"http:\/\/www.tenisovaakademiecelakovice.cz\/?page_id=11"},"modified":"2023-12-26T17:27:14","modified_gmt":"2023-12-26T16:27:14","slug":"treneri","status":"publish","type":"page","link":"https:\/\/www.tenisovaakademiecelakovice.cz\/?page_id=11","title":{"rendered":"Tren\u00e9\u0159i"},"content":{"rendered":"<ul>\n<li style=\"list-style-type: none;\">\u00a0<\/li>\n<\/ul>\n<ul>\n<li style=\"list-style-type: none;\">\u00a0<\/li>\n<\/ul>\n<ul>\n<li style=\"list-style-type: none;\">\u00a0<\/li>\n<\/ul>\n<h4 style=\"text-align: left;\"><b>Mgr. Barbora Sukov\u00e1<\/b><\/h4>\n<ul>\n<li>Tren\u00e9rsk\u00e1 kvalifikace: tren\u00e9r\u00a0II. t\u0159\u00eddy \u010cTS<\/li>\n<li>Dlouholet\u00e1 extraligov\u00e1 hr\u00e1\u010dka TK Neride<\/li>\n<li>Z\u00e1vodn\u00ed hr\u00e1\u010d TK \u010cel\u00e1kovice<\/li>\n<\/ul>\n<h4><b>Lubo\u0161 Soukup<\/b><\/h4>\n<ul>\n<li>Tren\u00e9rsk\u00e1 kvalifikace: tren\u00e9r II. t\u0159\u00eddy \u010cTS<\/li>\n<li>Z\u00e1vodn\u00ed hr\u00e1\u010d A-t\u00fdmu TK \u010cel\u00e1kovice<\/li>\n<\/ul>\n<h4><b>Ji\u0159\u00ed \u0160ur\u00e1\u0148<\/b><\/h4>\n<ul>\n<li>Tren\u00e9rsk\u00e1 kvalifikace: tren\u00e9r II. t\u0159\u00eddy \u010cTS<\/li>\n<li>Z\u00e1vodn\u00ed hr\u00e1\u010d A-t\u00fdmu TK \u010cel\u00e1kovice<\/li>\n<\/ul>\n<h4><b>\u0160t\u011bp\u00e1n Fi\u0161er<\/b><\/h4>\n<ul>\n<li>Tren\u00e9rsk\u00e1 kvalifikace: tren\u00e9r III. t\u0159\u00eddy \u010cTS<\/li>\n<li>Z\u00e1vodn\u00ed hr\u00e1\u010d A-t\u00fdmu TK \u010cel\u00e1kovice<\/li>\n<\/ul>\n\n\n<p><\/p>\n","protected":false},"excerpt":{"rendered":"<p>\u00a0 \u00a0 \u00a0 Mgr. Barbora Sukov\u00e1 Tren\u00e9rsk\u00e1 kvalifikace: tren\u00e9r\u00a0II. t\u0159\u00eddy \u010cTS Dlouholet\u00e1 extraligov\u00e1 hr\u00e1\u010dka TK Neride Z\u00e1vodn\u00ed hr\u00e1\u010d TK \u010cel\u00e1kovice Lubo\u0161 Soukup Tren\u00e9rsk\u00e1 kvalifikace: tren\u00e9r II. t\u0159\u00eddy \u010cTS Z\u00e1vodn\u00ed hr\u00e1\u010d A-t\u00fdmu TK \u010cel\u00e1kovice Ji\u0159\u00ed \u0160ur\u00e1\u0148 Tren\u00e9rsk\u00e1 kvalifikace: tren\u00e9r II. t\u0159\u00eddy \u010cTS Z\u00e1vodn\u00ed hr\u00e1\u010d A-t\u00fdmu TK \u010cel\u00e1kovice \u0160t\u011bp\u00e1n Fi\u0161er Tren\u00e9rsk\u00e1 kvalifikace: tren\u00e9r III. t\u0159\u00eddy \u010cTS Z\u00e1vodn\u00ed [&hellip;]<\/p>\n","protected":false},"author":1,"featured_media":0,"parent":0,"menu_order":2,"comment_status":"closed","ping_status":"closed","template":"","meta":[],"_links":{"self":[{"href":"https:\/\/www.tenisovaakademiecelakovice.cz\/index.php?rest_route=\/wp\/v2\/pages\/11"}],"collection":[{"href":"https:\/\/www.tenisovaakademiecelakovice.cz\/index.php?rest_route=\/wp\/v2\/pages"}],"about":[{"href":"https:\/\/www.tenisovaakademiecelakovice.cz\/index.php?rest_route=\/wp\/v2\/types\/page"}],"author":[{"embeddable":true,"href":"https:\/\/www.tenisovaakademiecelakovice.cz\/index.php?rest_route=\/wp\/v2\/users\/1"}],"replies":[{"embeddable":true,"href":"https:\/\/www.tenisovaakademiecelakovice.cz\/index.php?rest_route=%2Fwp%2Fv2%2Fcomments&post=11"}],"version-history":[{"count":13,"href":"https:\/\/www.tenisovaakademiecelakovice.cz\/index.php?rest_route=\/wp\/v2\/pages\/11\/revisions"}],"predecessor-version":[{"id":740,"href":"https:\/\/www.tenisovaakademiecelakovice.cz\/index.php?rest_route=\/wp\/v2\/pages\/11\/revisions\/740"}],"wp:attachment":[{"href":"https:\/\/www.tenisovaakademiecelakovice.cz\/index.php?rest_route=%2Fwp%2Fv2%2Fmedia&parent=11"}],"curies":[{"name":"wp","href":"https:\/\/api.w.org\/{rel}","templated":true}]}}