{"id":242,"date":"2016-09-05T11:18:33","date_gmt":"2016-09-05T09:18:33","guid":{"rendered":"http:\/\/www.tenisovaakademiecelakovice.cz\/?page_id=242"},"modified":"2025-09-17T15:03:12","modified_gmt":"2025-09-17T13:03:12","slug":"prihlaska-2","status":"publish","type":"page","link":"https:\/\/www.tenisovaakademiecelakovice.cz\/?page_id=242","title":{"rendered":"P\u0158IHL\u00c1\u0160KA"},"content":{"rendered":"<p>Registraci hr\u00e1\u010de a vypln\u011bn\u00ed on-line p\u0159ihl\u00e1\u0161ky do tenisov\u00fdch kurz\u016f prove\u010fte\u00a0<a href=\"http:\/\/skola.xtenis.cz\" target=\"_blank\" rel=\"noopener noreferrer\">ZDE.<\/a><\/p>\n<p>Po vypln\u011bn\u00ed nov\u00e9 registrace vy\u010dkejte na potvrzovac\u00ed email, pomoc\u00ed kter\u00e9ho si zad\u00e1te sv\u00e9 p\u0159\u00edstupov\u00e9 heslo. Pot\u00e9 je nutn\u00e9 vy\u010dkat (do 24h) na dal\u0161\u00ed email, kde V\u00e1m bude p\u0159id\u011blena kategorie hr\u00e1\u010de &#8211; pot\u00e9 budete moci svou p\u0159ihl\u00e1\u0161ku do tenisov\u00fdch kurz\u016f vyplnit.<\/p>\n<p><strong>Provozn\u00ed\u00a0a platebn\u00ed \u0159\u00e1d<\/strong><\/p>\n<ol>\n<li>\u017d\u00e1kem Tenisov\u00e9 akademie \u010cel\u00e1kovice (d\u00e1le jen TA) se st\u00e1v\u00e1 ten, kdo odeslal \u0159\u00e1dn\u011b vypln\u011bnou a potvrzenou z\u00e1vaznou p\u0159ihl\u00e1\u0161ku<strong>. P\u0159ihl\u00e1\u0161en\u00ed plat\u00ed na obdob\u00ed \u0159\u00edjen 2025 &#8211; \u010derven 2026<\/strong>. Po ukon\u010den\u00ed halov\u00e9 \u010d\u00e1sti (cca na konci b\u0159ezna) je mo\u017enost kurz p\u0159eru\u0161it nebo si upravit rozvrh (po\u010det hodin, men\u0161\u00ed po\u010det hr\u00e1\u010d\u016f,&#8230;)<\/li>\n<\/ol>\n<p>Odevzd\u00e1n\u00ed p\u0159ihl\u00e1\u0161ky neznamen\u00e1 za\u0159azen\u00ed do tenisov\u00e9ho kurzu. Tak se stane v\u00a0p\u0159\u00edpad\u011b, \u017ee ob\u011b strany dle sv\u00fdch mo\u017enost\u00ed (hr\u00e1\u010d vypln\u00ed na p\u0159ihl\u00e1\u0161ce) se shodnou na \u010dasov\u00e9m rozvrhu tr\u00e9nink\u016f.<\/p>\n<p>Na p\u0159ihl\u00e1\u0161ku se hrad\u00ed nevratn\u00e1 z\u00e1loha ve v\u00fd\u0161i <strong>1.500,- K\u010d na \u00fa\u010det: 3904623319\/0800<\/strong> (V p\u0159\u00edpad\u011b, \u017ee by se hr\u00e1\u010de z\u00a0\u010dasov\u00fdch d\u016fvod\u016f nepoda\u0159ilo \u00a0za\u0159adit, z\u00e1loha se vrac\u00ed).\u00a0 Hr\u00e1\u010d TA (nebo jeho z\u00e1stupce) souhlas\u00ed s\u00a0provozn\u00edm \u0159\u00e1dem a zavazuje se uhradit kurzovn\u00e9 dle n\u00ed\u017ee uveden\u00fdch podm\u00ednek.<\/p>\n<ol start=\"2\">\n<li><strong>Kurzovn\u00e9<\/strong><\/li>\n<\/ol>\n<p>Je \u00fa\u010dtov\u00e1no pau\u0161\u00e1ln\u00ed \u010d\u00e1stkou viz cen\u00edk na na\u0161em webu\u00a0<a href=\"https:\/\/www.tenisovaakademiecelakovice.cz\/?page_id=262\" target=\"_blank\" rel=\"noopener\">CEN\u00cdK<\/a><\/p>\n<p>V\u00fd\u0161e kurzovn\u00e9ho je pohybliv\u00e1 podle po\u010dtu \u017e\u00e1k\u016f v\u00a0kurzu a po\u010dtu tr\u00e9nink\u016f.<\/p>\n<p>Kurzovn\u00e9 zahrnuje: tren\u00e9rsk\u00e9 slu\u017eby, pron\u00e1jem kurtu\/haly, pom\u016fcky, zv\u00fdhodn\u011bnou \u00fa\u010dast na n\u011bkter\u00fdch akc\u00edch po\u0159\u00e1dan\u00fdch TA<\/p>\n<p>Kurzovn\u00e9 se hrad\u00ed za t\u011bchto podm\u00ednek:<\/p>\n<p>Obdob\u00ed 10\/2025 &#8211; 6\/2026, platba sjednan\u00e9 \u010d\u00e1stky se uhrad\u00ed dle data splatnosti faktury. Jin\u00e9 term\u00edny spl\u00e1tek a jejich rozlo\u017een\u00ed je mo\u017eno sjednat po dohod\u011b.<\/p>\n<p>V\u00a0p\u0159\u00edpad\u011b pozdn\u00ed \u00fahrady V\u00e1m bude \u00fa\u010dtov\u00e1n v\u00a0souladu s\u00a0Ob\u010dansk\u00fdm z\u00e1kon\u00edkem \u00farok z\u00a0prodlen\u00ed ve v\u00fd\u0161i a\u017e 0,05% z\u00a0dlu\u017en\u00e9 \u010d\u00e1stky za ka\u017ed\u00fd den prodlen\u00ed.<\/p>\n<p>Z\u00e1loha se ode\u010d\u00edt\u00e1 z posledn\u00ed faktury za tenisov\u00e9 tr\u00e9ninky. \u00dahradu kurzovn\u00e9ho lze prov\u00e9st bankovn\u00edm p\u0159evodem na \u00fa\u010det\u00a0 TA: 3904623319\/0800. Do pozn\u00e1mky k platb\u011b uve\u010fte jm\u00e9no hr\u00e1\u010de.<\/p>\n<p>Kurzovn\u00e9 se hrad\u00ed za\u010d\u00e1tkem tr\u00e9ninkov\u00e9 sezony. Ceny jsou kalkulov\u00e1ny na p\u0159esn\u00fd po\u010det d\u011bt\u00ed ve skupin\u011b po celou tr\u00e9ninkovou sezonu. V p\u0159\u00edpad\u011b zm\u011bny (tj. \u00fabytku\u00a0d\u011bt\u00ed ve skupin\u011b) by nebylo re\u00e1ln\u00e9 po\u017eadovat na zb\u00fdvaj\u00edc\u00edch d\u011btech zv\u00fd\u0161en\u00e9\u00a0kurzovn\u00e9. Naopak, pokud po\u010det d\u011bt\u00ed v pr\u016fb\u011bhu \u0161koli\u010dky stoupne (za souhlasu v\u0161ech d\u011bt\u00ed v dan\u00e9 skupin\u011b), n\u00e1le\u017e\u00ed d\u011btem z p\u016fvodn\u00ed skupiny vr\u00e1cen\u00ed \u010d\u00e1sti kurzovn\u00e9ho, kter\u00e9 odpov\u00edd\u00e1 nav\u00fd\u0161en\u00ed po\u010dtu d\u011bt\u00ed ve skupin\u011b. Z v\u00fd\u0161e\u00a0uveden\u00fdch\u00a0d\u016fvod\u016f\u00a0je\u00a0kurzovn\u00e9\u00a0nevratn\u00e9.<\/p>\n<ol start=\"3\">\n<li><strong>Tr\u00e9ninky o pr\u00e1zdnin\u00e1ch<\/strong><\/li>\n<\/ol>\n<p>Tr\u00e9ninky neprob\u00edhaj\u00ed o pr\u00e1zdnin\u00e1ch a jsou z kurzovn\u00e9ho ode\u010dteny: podzimn\u00ed pr\u00e1zdniny 27.-29.10., st\u00e1tn\u00ed sv\u00e1tky 28.9.; 28.10. a 17.11., v\u00e1no\u010dn\u00ed pr\u00e1zdniny 22.12.-2.1.2025, pololetn\u00ed pr\u00e1zdniny 30.1.2026, jarn\u00ed pr\u00e1zdniny 2.3.-8.3.2026., velikono\u010dn\u00ed pr\u00e1zdniny 24.-6.4.2026; st\u00e1tn\u00ed sv\u00e1tky 1.5. a 8.5.2026<\/p>\n<p>Tr\u00e9ninky kon\u010d\u00ed 26.6.2026, o letn\u00edch pr\u00e1zdnin\u00e1ch je mo\u017en\u00e9 vyu\u017e\u00edt p\u0159\u00edm\u011bstsk\u00fdch t\u00e1bor\u016f, soust\u0159ed\u011bn\u00ed nebo si domluvit konkr\u00e9tn\u00ed tr\u00e9ninkov\u00e9 hodiny.<\/p>\n<ol start=\"4\">\n<li><strong>Povinnosti \u017e\u00e1ka<\/strong><\/li>\n<\/ol>\n<p>\u017d\u00e1k (jeho z\u00e1konn\u00fd z\u00e1stupce) je povinen si zalo\u017eit (pokud tak ji\u017e neu\u010dinil v\u00a0p\u0159edchoz\u00edm tr\u00e9ninkov\u00e9m obdob\u00ed) tzv. u\u017eivatelsk\u00fd \u00fa\u010det, p\u0159es kter\u00fd mu TA sd\u011bluje ve\u0161ker\u00e9 informace (platbu, n\u00e1hradn\u00ed hodiny, mo\u017enost \u00fa\u010dasti na vypsan\u00fdch turnaj\u00edch).<\/p>\n<p>\u017d\u00e1ci jsou povinni p\u0159ich\u00e1zet na hodiny v\u010das a b\u00fdt p\u0159ipraveni 5 minut p\u0159ed zapo\u010det\u00edm tr\u00e9ninku.<\/p>\n<p>\u017d\u00e1ci jsou povinni dodr\u017eovat k\u00e1ze\u0148 a pokyn\u016f tren\u00e9r\u016f.<\/p>\n<p>Vstup na kurty je povolen pouze ve sportovn\u00ed obuvi s tenisovou podr\u00e1\u017ekou, v p\u0159\u00edpad\u011b tr\u00e9ninku v hale s pevn\u00fdm povrchem nutn\u00e1 \u010dist\u00e1 obuv, boty od antuky nejsou p\u0159\u00edpustn\u00e9.<\/p>\n<p>Dosp\u011bl\u00fd doprovod nesm\u00ed zasahovat do pr\u016fb\u011bhu tr\u00e9ninku a zdr\u017euje se v\u00a0prostoru vyhrazen\u00e9m pro div\u00e1ky.<\/p>\n<p>\u017d\u00e1k tr\u00e9nuj\u00edc\u00ed pod TA sm\u00ed tr\u00e9novat u tren\u00e9r\u016f nepat\u0159\u00edc\u00edch pod mate\u0159skou TA pouze po v\u00fdslovn\u00e9 dohod\u011b.<\/p>\n<p>\u017d\u00e1k TA by m\u011bl b\u00fdt \u00farazov\u011b poji\u0161t\u011bn. Za p\u0159\u00edpadn\u00e9 \u00farazy, ke kter\u00fdm i p\u0159i zachov\u00e1n\u00ed ve\u0161ker\u00fdch opat\u0159en\u00ed ze strany poskytovatele sportovn\u00edho tr\u00e9ninku m\u016f\u017ee b\u011bhem hodiny doj\u00edt, nenese TA \u017e\u00e1dnou odpov\u011bdnost<em>.<\/em><\/p>\n<p>Za v\u011bci odlo\u017een\u00e9 v\u00a0\u0161atn\u00e1ch a na kurtech TA neru\u010d\u00ed, cenn\u00e9 v\u011bci lze v\u0161ak po dohod\u011b d\u00e1t do \u00faschovy k\u00a0tren\u00e9rovi.<\/p>\n<p>\u017d\u00e1k TA nebude \u00famysln\u011b po\u0161kozovat majetek TA ani majetek, kter\u00fd m\u00e1 TA v\u00a0u\u017e\u00edv\u00e1n\u00ed. Pro p\u0159\u00edpad vzniku \u0161kody zavin\u011bn\u00fdm jedn\u00e1n\u00edm ze strany \u017e\u00e1ka odpov\u00edd\u00e1 za \u0161kodu jeho z\u00e1konn\u00fd z\u00e1stupce.<\/p>\n<ol start=\"5\">\n<li><strong>Ne\u00fa\u010dast na tr\u00e9ninku<\/strong><\/li>\n<\/ol>\n<p>Jestli-\u017ee se \u017e\u00e1k nebude moci z\u00a0jak\u00fdchkoliv d\u016fvod\u016f \u00fa\u010dastnit tr\u00e9ninku je pot\u0159eba, aby se z\u00a0hodiny omluvil (den p\u0159edem do 19h). Omlouv\u00e1n\u00ed funguje online p\u0159es u\u017eivatelsk\u00fd \u00fa\u010det hr\u00e1\u010de, kter\u00fd m\u00e1 zalo\u017een\u00fd na str\u00e1nk\u00e1ch TA. V\u00a0p\u0159\u00edpad\u011b, \u017ee \u00fa\u010det nem\u00e1te, pros\u00edme zalo\u017ete si jej. Hodiny si m\u016f\u017ee hr\u00e1\u010d pr\u016fb\u011b\u017en\u011b nahrazovat p\u0159es v\u00edkendov\u00e9 vypsan\u00e9 term\u00edny (v\u017edy v\u00e1m p\u0159ijde informace o vypsan\u00e9 hodin\u011b- po\u010d\u00edt\u00e1 se s vypisov\u00e1n\u00edm n\u00e1hrady 1x m\u011bs\u00ed\u010dn\u011b). Nevybran\u00e9 n\u00e1hrady do konce tr\u00e9ninkov\u00e9 sezony propadaj\u00ed, pokud nen\u00ed dohodnuto jinak.<\/p>\n<p>Jestli-\u017ee se \u017e\u00e1k nebude moci ze zdravotn\u00edch d\u016fvod\u016f \u00fa\u010dastnit tr\u00e9ninku v\u00a0obdob\u00ed del\u0161\u00edm ne\u017e 2 t\u00fddny a dolo\u017e\u00ed-li to l\u00e9ka\u0159sk\u00fdm potvrzen\u00edm nejpozd\u011bji v\u00a0pr\u016fb\u011bhu prvn\u00edho t\u00fddne nep\u0159\u00edtomnosti, lze vr\u00e1tit pom\u011brnou \u010d\u00e1st kurzovn\u00e9ho, av\u0161ak pouze jeho \u010d\u00e1st za v\u00fdkon tren\u00e9ra od 3. t\u00fddne nep\u0159\u00edtomnosti. Kurz je mo\u017en\u00e9 p\u0159eru\u0161it pouze z\u00a0d\u016fvodu dlouhodob\u00e9 nemoci \u010di zran\u011bn\u00ed.<\/p>\n<ol start=\"6\">\n<li><strong>Ostatn\u00ed ujedn\u00e1n\u00ed<\/strong><\/li>\n<\/ol>\n<p>Nen\u00ed-li dohodnuto jinak, v\u00fdukov\u00e1 hodina trv\u00e1 55minut.<\/p>\n<p>TA si vyhrazuje pr\u00e1vo zm\u011bnit tren\u00e9ra pro ur\u010dit\u00fd tr\u00e9nink bez povinnosti o tom informovat hr\u00e1\u010de p\u0159edem.<\/p>\n<p>TA si vyhrazuje pr\u00e1vo zm\u011bnit cenu kurzovn\u00e9ho, a to v\u00a0n\u00e1vaznosti na za\u010d\u00e1tek nov\u00e9 sez\u00f3ny s\u00a0povinnost\u00ed informovat st\u00e1vaj\u00edc\u00ed klienty o chystan\u00e9 zm\u011bn\u011b minim\u00e1ln\u011b 14 dn\u00ed p\u0159edem.<\/p>\n<p>TA si vyhrazuje pr\u00e1vo zm\u011bnit z\u00a0provozn\u00edch d\u016fvod\u016f \u010das a m\u00edsto tr\u00e9ninku, av\u0161ak pouze po dohod\u011b se z\u00e1konn\u00fdm z\u00e1stupcem \u017e\u00e1ka.<\/p>\n<p>P\u0159i poru\u0161en\u00ed provozn\u00edho \u0159\u00e1du m\u016f\u017ee b\u00fdt \u017e\u00e1k bez n\u00e1hrady vylou\u010den z\u00a0kurz\u016f.<\/p>\n<p>V\u00a0p\u0159\u00edpad\u011b, \u017ee tr\u00e9nink z\u00a0d\u016fvod\u016f le\u017e\u00edc\u00edch na stran\u011b TA odpadne bez n\u00e1hrady, TA se zavazuje vr\u00e1tit pom\u011brnou \u010d\u00e1st kurzovn\u00e9ho.<\/p>\n<p>Hr\u00e1\u010d (jeho z\u00e1konn\u00fd z\u00e1stupce) souhlas\u00ed s\u00a0uve\u0159ejn\u011bn\u00edm fotografi\u00ed a videa sv\u00e9 osoby, po\u0159\u00edzen\u00fdch TA na sportovn\u00edch akc\u00edch, na webov\u00fdch str\u00e1nk\u00e1ch TA a TK \u010cel\u00e1kovice.<\/p>\n","protected":false},"excerpt":{"rendered":"<p>Registraci hr\u00e1\u010de a vypln\u011bn\u00ed on-line p\u0159ihl\u00e1\u0161ky do tenisov\u00fdch kurz\u016f prove\u010fte\u00a0ZDE. Po vypln\u011bn\u00ed nov\u00e9 registrace vy\u010dkejte na potvrzovac\u00ed email, pomoc\u00ed kter\u00e9ho si zad\u00e1te sv\u00e9 p\u0159\u00edstupov\u00e9 heslo. Pot\u00e9 je nutn\u00e9 vy\u010dkat (do 24h) na dal\u0161\u00ed email, kde V\u00e1m bude p\u0159id\u011blena kategorie hr\u00e1\u010de &#8211; pot\u00e9 budete moci svou p\u0159ihl\u00e1\u0161ku do tenisov\u00fdch kurz\u016f vyplnit. Provozn\u00ed\u00a0a platebn\u00ed \u0159\u00e1d \u017d\u00e1kem Tenisov\u00e9 [&hellip;]<\/p>\n","protected":false},"author":1,"featured_media":0,"parent":0,"menu_order":0,"comment_status":"closed","ping_status":"closed","template":"","meta":[],"_links":{"self":[{"href":"https:\/\/www.tenisovaakademiecelakovice.cz\/index.php?rest_route=\/wp\/v2\/pages\/242"}],"collection":[{"href":"https:\/\/www.tenisovaakademiecelakovice.cz\/index.php?rest_route=\/wp\/v2\/pages"}],"about":[{"href":"https:\/\/www.tenisovaakademiecelakovice.cz\/index.php?rest_route=\/wp\/v2\/types\/page"}],"author":[{"embeddable":true,"href":"https:\/\/www.tenisovaakademiecelakovice.cz\/index.php?rest_route=\/wp\/v2\/users\/1"}],"replies":[{"embeddable":true,"href":"https:\/\/www.tenisovaakademiecelakovice.cz\/index.php?rest_route=%2Fwp%2Fv2%2Fcomments&post=242"}],"version-history":[{"count":17,"href":"https:\/\/www.tenisovaakademiecelakovice.cz\/index.php?rest_route=\/wp\/v2\/pages\/242\/revisions"}],"predecessor-version":[{"id":808,"href":"https:\/\/www.tenisovaakademiecelakovice.cz\/index.php?rest_route=\/wp\/v2\/pages\/242\/revisions\/808"}],"wp:attachment":[{"href":"https:\/\/www.tenisovaakademiecelakovice.cz\/index.php?rest_route=%2Fwp%2Fv2%2Fmedia&parent=242"}],"curies":[{"name":"wp","href":"https:\/\/api.w.org\/{rel}","templated":true}]}}