{"id":699,"date":"2022-09-05T17:51:09","date_gmt":"2022-09-05T15:51:09","guid":{"rendered":"https:\/\/www.tenisovaakademiecelakovice.cz\/?page_id=699"},"modified":"2025-08-24T10:58:01","modified_gmt":"2025-08-24T08:58:01","slug":"nabor-2022","status":"publish","type":"page","link":"https:\/\/www.tenisovaakademiecelakovice.cz\/?page_id=699","title":{"rendered":"N\u00c1BOR 2025"},"content":{"rendered":"\n<p>bude v \u00fater\u00fd 16.9.2025 od 17:00 na kurtech TK \u010cel\u00e1kovice, U Kapli\u010dky 1705<\/p>\n\n\n\n<figure class=\"wp-block-image size-full\"><a href=\"https:\/\/www.tenisovaakademiecelakovice.cz\/wp-content\/uploads\/2016\/03\/tenis-zaba.jpg\"><img decoding=\"async\" loading=\"lazy\" width=\"640\" height=\"419\" src=\"https:\/\/www.tenisovaakademiecelakovice.cz\/wp-content\/uploads\/2016\/03\/tenis-zaba.jpg\" alt=\"\" class=\"wp-image-7\" srcset=\"https:\/\/www.tenisovaakademiecelakovice.cz\/wp-content\/uploads\/2016\/03\/tenis-zaba.jpg 640w, https:\/\/www.tenisovaakademiecelakovice.cz\/wp-content\/uploads\/2016\/03\/tenis-zaba-300x196.jpg 300w, https:\/\/www.tenisovaakademiecelakovice.cz\/wp-content\/uploads\/2016\/03\/tenis-zaba-2x1.jpg 2w\" sizes=\"(max-width: 640px) 100vw, 640px\" \/><\/a><\/figure>\n","protected":false},"excerpt":{"rendered":"<p>bude v \u00fater\u00fd 16.9.2025 od 17:00 na kurtech TK \u010cel\u00e1kovice, U Kapli\u010dky 1705<\/p>\n","protected":false},"author":1,"featured_media":0,"parent":0,"menu_order":0,"comment_status":"closed","ping_status":"closed","template":"","meta":[],"_links":{"self":[{"href":"https:\/\/www.tenisovaakademiecelakovice.cz\/index.php?rest_route=\/wp\/v2\/pages\/699"}],"collection":[{"href":"https:\/\/www.tenisovaakademiecelakovice.cz\/index.php?rest_route=\/wp\/v2\/pages"}],"about":[{"href":"https:\/\/www.tenisovaakademiecelakovice.cz\/index.php?rest_route=\/wp\/v2\/types\/page"}],"author":[{"embeddable":true,"href":"https:\/\/www.tenisovaakademiecelakovice.cz\/index.php?rest_route=\/wp\/v2\/users\/1"}],"replies":[{"embeddable":true,"href":"https:\/\/www.tenisovaakademiecelakovice.cz\/index.php?rest_route=%2Fwp%2Fv2%2Fcomments&post=699"}],"version-history":[{"count":4,"href":"https:\/\/www.tenisovaakademiecelakovice.cz\/index.php?rest_route=\/wp\/v2\/pages\/699\/revisions"}],"predecessor-version":[{"id":800,"href":"https:\/\/www.tenisovaakademiecelakovice.cz\/index.php?rest_route=\/wp\/v2\/pages\/699\/revisions\/800"}],"wp:attachment":[{"href":"https:\/\/www.tenisovaakademiecelakovice.cz\/index.php?rest_route=%2Fwp%2Fv2%2Fmedia&parent=699"}],"curies":[{"name":"wp","href":"https:\/\/api.w.org\/{rel}","templated":true}]}}